{"id":2063,"date":"2023-11-30T15:14:23","date_gmt":"2023-11-30T15:14:23","guid":{"rendered":"https:\/\/services.centrohispanouk.org\/?page_id=2063"},"modified":"2023-11-30T15:17:07","modified_gmt":"2023-11-30T15:17:07","slug":"politicas-de-cookies","status":"publish","type":"page","link":"https:\/\/services.centrohispanouk.org\/en\/politicas-de-cookies\/","title":{"rendered":"Cookies policy"},"content":{"rendered":"<div data-elementor-type=\"wp-page\" data-elementor-id=\"2063\" class=\"elementor elementor-2063\">\n\t\t\t\t\t\t<section class=\"elementor-section elementor-top-section elementor-element elementor-element-b5bc8d0 elementor-section-height-min-height elementor-hidden-tablet elementor-hidden-mobile elementor-section-boxed elementor-section-height-default elementor-section-items-middle wpr-particle-no wpr-jarallax-no wpr-parallax-no wpr-sticky-section-no\" data-id=\"b5bc8d0\" data-element_type=\"section\" data-settings=\"{&quot;background_background&quot;:&quot;classic&quot;,&quot;_ha_eqh_enable&quot;:false}\">\n\t\t\t\t\t\t\t<div class=\"elementor-background-overlay\"><\/div>\n\t\t\t\t\t\t\t<div class=\"elementor-container elementor-column-gap-default\">\n\t\t\t\t\t<div class=\"elementor-column elementor-col-50 elementor-top-column elementor-element elementor-element-2ed96d8\" data-id=\"2ed96d8\" data-element_type=\"column\">\n\t\t\t<div class=\"elementor-widget-wrap elementor-element-populated\">\n\t\t\t\t\t\t<div class=\"elementor-element elementor-element-01d2e33 elementor-widget elementor-widget-heading\" data-id=\"01d2e33\" data-element_type=\"widget\" data-widget_type=\"heading.default\">\n\t\t\t\t<div class=\"elementor-widget-container\">\n\t\t\t<style>\/*! elementor - v3.19.0 - 05-02-2024 *\/\n.elementor-heading-title{padding:0;margin:0;line-height:1}.elementor-widget-heading .elementor-heading-title[class*=elementor-size-]>a{color:inherit;font-size:inherit;line-height:inherit}.elementor-widget-heading .elementor-heading-title.elementor-size-small{font-size:15px}.elementor-widget-heading .elementor-heading-title.elementor-size-medium{font-size:19px}.elementor-widget-heading .elementor-heading-title.elementor-size-large{font-size:29px}.elementor-widget-heading .elementor-heading-title.elementor-size-xl{font-size:39px}.elementor-widget-heading .elementor-heading-title.elementor-size-xxl{font-size:59px}<\/style><h2 class=\"elementor-heading-title elementor-size-default\">Cookies policy<\/h2>\t\t<\/div>\n\t\t\t\t<\/div>\n\t\t\t\t<div class=\"elementor-element elementor-element-996cdd6 elementor-widget elementor-widget-text-editor\" data-id=\"996cdd6\" data-element_type=\"widget\" data-widget_type=\"text-editor.default\">\n\t\t\t\t<div class=\"elementor-widget-container\">\n\t\t\t<style>\/*! elementor - v3.19.0 - 05-02-2024 *\/\n.elementor-widget-text-editor.elementor-drop-cap-view-stacked .elementor-drop-cap{background-color:#69727d;color:#fff}.elementor-widget-text-editor.elementor-drop-cap-view-framed .elementor-drop-cap{color:#69727d;border:3px solid;background-color:transparent}.elementor-widget-text-editor:not(.elementor-drop-cap-view-default) .elementor-drop-cap{margin-top:8px}.elementor-widget-text-editor:not(.elementor-drop-cap-view-default) .elementor-drop-cap-letter{width:1em;height:1em}.elementor-widget-text-editor .elementor-drop-cap{float:left;text-align:center;line-height:1;font-size:50px}.elementor-widget-text-editor .elementor-drop-cap-letter{display:inline-block}<\/style>\t\t\t\t<p>If you have any doubt, query or suggestion, do not hesitate to contact us, in our different communication channels.<\/p>\t\t\t\t\t\t<\/div>\n\t\t\t\t<\/div>\n\t\t<div class=\"elementor-element elementor-element-6ecdebe e-flex e-con-boxed wpr-particle-no wpr-jarallax-no wpr-parallax-no wpr-sticky-section-no e-con e-child\" data-id=\"6ecdebe\" data-element_type=\"container\" data-settings=\"{&quot;content_width&quot;:&quot;boxed&quot;,&quot;_ha_eqh_enable&quot;:false}\">\n\t\t\t\t\t<div class=\"e-con-inner\">\n\t\t\t\t<div class=\"elementor-element elementor-element-457ebf6 elementor-widget elementor-widget-button\" data-id=\"457ebf6\" data-element_type=\"widget\" data-widget_type=\"button.default\">\n\t\t\t\t<div class=\"elementor-widget-container\">\n\t\t\t\t\t<div class=\"elementor-button-wrapper\">\n\t\t\t<a class=\"elementor-button elementor-button-link elementor-size-sm elementor-animation-sink\" href=\"https:\/\/services.centrohispanouk.org\/en\/servicios\/\">\n\t\t\t\t\t\t<span class=\"elementor-button-content-wrapper\">\n\t\t\t\t\t\t<span class=\"elementor-button-text\">Request appointment<\/span>\n\t\t<\/span>\n\t\t\t\t\t<\/a>\n\t\t<\/div>\n\t\t\t\t<\/div>\n\t\t\t\t<\/div>\n\t\t\t\t\t<\/div>\n\t\t\t\t<\/div>\n\t\t\t\t\t<\/div>\n\t\t<\/div>\n\t\t\t\t<div class=\"elementor-column elementor-col-50 elementor-top-column elementor-element elementor-element-b8932d2\" data-id=\"b8932d2\" data-element_type=\"column\">\n\t\t\t<div class=\"elementor-widget-wrap\">\n\t\t\t\t\t\t\t<\/div>\n\t\t<\/div>\n\t\t\t\t\t<\/div>\n\t\t<\/section>\n\t\t\t\t<section class=\"elementor-section elementor-top-section elementor-element elementor-element-f2e287d elementor-section-height-min-height elementor-hidden-desktop elementor-hidden-laptop elementor-section-boxed elementor-section-height-default elementor-section-items-middle wpr-particle-no wpr-jarallax-no wpr-parallax-no wpr-sticky-section-no\" data-id=\"f2e287d\" data-element_type=\"section\" data-settings=\"{&quot;background_background&quot;:&quot;classic&quot;,&quot;background_motion_fx_motion_fx_scrolling&quot;:&quot;yes&quot;,&quot;background_motion_fx_devices&quot;:[&quot;desktop&quot;,&quot;laptop&quot;,&quot;tablet&quot;,&quot;mobile&quot;],&quot;_ha_eqh_enable&quot;:false}\">\n\t\t\t\t\t\t\t<div class=\"elementor-background-overlay\"><\/div>\n\t\t\t\t\t\t\t<div class=\"elementor-container elementor-column-gap-default\">\n\t\t\t\t\t<div class=\"elementor-column elementor-col-100 elementor-top-column elementor-element elementor-element-a0a1717\" data-id=\"a0a1717\" data-element_type=\"column\">\n\t\t\t<div class=\"elementor-widget-wrap elementor-element-populated\">\n\t\t\t\t\t\t<div class=\"elementor-element elementor-element-2413c6e elementor-widget elementor-widget-heading\" data-id=\"2413c6e\" data-element_type=\"widget\" data-widget_type=\"heading.default\">\n\t\t\t\t<div class=\"elementor-widget-container\">\n\t\t\t<h2 class=\"elementor-heading-title elementor-size-default\">Cookies policy<\/h2>\t\t<\/div>\n\t\t\t\t<\/div>\n\t\t\t\t<div class=\"elementor-element elementor-element-3cd5d77 elementor-widget elementor-widget-text-editor\" data-id=\"3cd5d77\" data-element_type=\"widget\" data-widget_type=\"text-editor.default\">\n\t\t\t\t<div class=\"elementor-widget-container\">\n\t\t\t\t\t\t\t<p>If you have any doubt, query or suggestion, do not hesitate to contact us, in our different communication channels.<\/p>\t\t\t\t\t\t<\/div>\n\t\t\t\t<\/div>\n\t\t\t\t<div class=\"elementor-element elementor-element-61a320f elementor-widget elementor-widget-button\" data-id=\"61a320f\" data-element_type=\"widget\" data-widget_type=\"button.default\">\n\t\t\t\t<div class=\"elementor-widget-container\">\n\t\t\t\t\t<div class=\"elementor-button-wrapper\">\n\t\t\t<a class=\"elementor-button elementor-button-link elementor-size-sm\" href=\"https:\/\/services.centrohispanouk.org\/en\/servicios\/\">\n\t\t\t\t\t\t<span class=\"elementor-button-content-wrapper\">\n\t\t\t\t\t\t<span class=\"elementor-button-text\">Request appointment<\/span>\n\t\t<\/span>\n\t\t\t\t\t<\/a>\n\t\t<\/div>\n\t\t\t\t<\/div>\n\t\t\t\t<\/div>\n\t\t\t\t\t<\/div>\n\t\t<\/div>\n\t\t\t\t\t<\/div>\n\t\t<\/section>\n\t\t\t\t<section class=\"elementor-section elementor-top-section elementor-element elementor-element-8564891 elementor-section-boxed elementor-section-height-default elementor-section-height-default wpr-particle-no wpr-jarallax-no wpr-parallax-no wpr-sticky-section-no\" data-id=\"8564891\" data-element_type=\"section\" data-settings=\"{&quot;_ha_eqh_enable&quot;:false}\">\n\t\t\t\t\t\t<div class=\"elementor-container elementor-column-gap-default\">\n\t\t\t\t\t<div class=\"elementor-column elementor-col-100 elementor-top-column elementor-element elementor-element-0c1b81a\" data-id=\"0c1b81a\" data-element_type=\"column\">\n\t\t\t<div class=\"elementor-widget-wrap elementor-element-populated\">\n\t\t\t\t\t\t<div class=\"elementor-element elementor-element-15cb857 elementor-widget elementor-widget-heading\" data-id=\"15cb857\" data-element_type=\"widget\" data-widget_type=\"heading.default\">\n\t\t\t\t<div class=\"elementor-widget-container\">\n\t\t\t<h2 class=\"elementor-heading-title elementor-size-default\">Our Cookies Policy<\/h2>\t\t<\/div>\n\t\t\t\t<\/div>\n\t\t\t\t<div class=\"elementor-element elementor-element-7569129 elementor-widget elementor-widget-text-editor\" data-id=\"7569129\" data-element_type=\"widget\" data-widget_type=\"text-editor.default\">\n\t\t\t\t<div class=\"elementor-widget-container\">\n\t\t\t\t\t\t\t<p class=\"p1\">In compliance with what is established in the Law on information Services and Electronic Commerce, and in line with the European Directive 2009\/136\/EC, and the revisions to the European Committee on Guidelines 05\/2020 on consent\u00a0<b>www.centrohispanouk.org<\/b>\u00a0proceed to inform you of the use of the cookies, you provide consent to the continuation of the use by continuing browsing on this website.<\/p><p class=\"p1\">By the acceptance of the announcement of the cookies that appears at the beginning of the navigation of the web site or by using the settings of the cookies from this site, you agree to expressly the use of these Cookies on your devices. If you turn Cookies off, it may be that your navigation of the Website may not be optimal and some utilities available to the Site may not work correctly.<\/p><p class=\"p1\">Therefore, it is important that you read this cookie Policy and that you understand that if you keep browsing we consider that you have accepted their use.<\/p><p class=\"p1\"><b>www.centrohispanouk.org<\/b> uses cookies own and of third parties to improve the browsing experience of users on our WEBSITE.<\/p><p class=\"p1\">A cookie is a text file harmless that is stored in your browser when you visit almost any web page. The utility is the data of a technical nature, personal preferences, personalization of contents, etc At no time are stored your personal data or sensitive information.<\/p><p class=\"p1\">First-party cookies are generated by the page you are visiting and those of third parties are those generated by the services or providers such as Google, Facebook, Twitter, etc<\/p><p class=\"p1\">You can at any time modify the preferences regarding the cookies from your browser to accept them, block them, delete them... For more information about how to change these preferences, you can refer to the instructions provided by each one of the browsers: Firefox, Chrome, Edge, Safari, etc<\/p><p class=\"p1\">In this website we collect and use the information according to the\u00a0\u00a0<span class=\"s1\">Privacy policy<\/span>\u00a0. One of the ways in which recojemos data is through the use of a technology called \u201cCookies\u201d.<\/p><p class=\"p1\">As a user, you can refuse treatment of the data or information by blocking cookies through the settings in your browser. In this way it will be downloaded and stored on your hard disk. You should know that if you do this web does not work correctly.<\/p><p class=\"p2\"><b>INFORMATION THAT ARE STORED BY A COOKIE<\/b><\/p><p class=\"p1\">The cookies store data of a technical nature, personal preferences, personalization of content, usage statistics, links to social networks, access to user accounts, etc<\/p><p class=\"p1\">Typically do not contain sensitive information about you such as credit cards or bank details, photographs or personal information, etc<\/p><p class=\"p1\">The web server is not associated with you as a person but your web browser.\u00a0<\/p><p class=\"p2\"><b>COOKIES ACCORDING TO THE PERIOD OF CONSERVATION<\/b><\/p><p class=\"p1\">Session Cookies: Store your browsing information while you remain on the page and are deleted when you close your browser. When you return to the website that created the cookie, this will not recognise and be able to log on or to select your preferences again.<\/p><p class=\"p1\">Persistent Cookies: are stored in a subfolder of your browser until manually deleted or it deletes after a certain time on the cookie file.<\/p><p class=\"p2\"><b>TYPES OF COOKIES ACCORDING TO THEIR PURPOSE<\/b><\/p><p class=\"p1\">Technical Cookies: these Are the most basic, which allow the navigation in the website and use its various options or services. Allow, among other things, to know when you are navigating a human or an automated application and when surfing an anonymous user and a registered one, basic tasks for the operation of any dynamic web.<\/p><p class=\"p1\">Cookies customization: Allows you to access a service with certain characteristics and pre-configured based on a number of criteria such as the type of internet browser that you use, the language defined in this, the access area, etc<\/p><p class=\"p1\">Cookies analysis: Collect information on the type of navigation you are making, the sections you use most, products, queries, time zone of use, language, etc Allow to measure the activity of the website and to make improvements to this depending on the monitoring and analysis of your behaviour.<\/p><p class=\"p1\">Cookies advertising: Allow you to manage the most effective way possible the advertising included in our website by showing you ads with the contents and the appropriate frequency. Display advertising based on your navigation, your country of origin, language, etc<\/p><p class=\"p1\">Cookies behavioral advertising: Store information from your behavior according to your habits of navigation and analysis of a specific profile to show advertising in function of the same.<\/p><p class=\"p2\"><b>- PARTY COOKIES THAT WE USE.<\/b><\/p><ul class=\"ul1\"><li class=\"li1\">This website uses cookies of its own with the following purposes:<\/li><li class=\"li1\">To determine if you have connected to the web.<\/li><li class=\"li1\">Save the search settings.<\/li><li class=\"li1\">To record whether you have accepted the legal terms and conditions (Legal Notice, Privacy Policy and Cookies Policy).<\/li><li class=\"li1\">Shown the pages you have visited recently.<\/li><li class=\"li1\">Add comments to the website.<\/li><li class=\"li1\">Fight spam, ensuring that the user is human and not an automated application.<\/li><li class=\"li1\">To avoid security risks, primarily to detect when someone is trying to hack <b>www.centrohispanouk.org<\/b><\/li><\/ul><p class=\"p2\"><b>AS COOKIES ARE USED IN WWW.CENTROHISPANOUK.ORG<\/b><\/p><p class=\"p1\">This website always requires your consent to use cookies.<\/p><p class=\"p1\">Cookies this website will help to:<\/p><ul class=\"ul1\"><li class=\"li1\">That the website works properly.<\/li><li class=\"li1\">Record your adjustments and modifications during and between visits.<\/li><li class=\"li1\">Improve the speed and security of the web.<\/li><li class=\"li1\">You can share content on social networks.<\/li><li class=\"li1\">You can leave comments.<\/li><li class=\"li1\">You can view videos.<\/li><li class=\"li1\">To improve the website thanks to analytics performed.<\/li><li class=\"li1\">Make marketing campaigns more efficient to display solutions to their needs.<\/li><li class=\"li1\">Use the device information that is collected to help us detect potential risk and fraud (in particular, your IP address), and, in general, to improve and to improve our site (for example, by Generating analytics about HOW you Navigate and interact with Our Customers (The Site, and to assess the Success of NuestrasCampa\u00f1as of research and publicity).<\/li><li class=\"li1\">INCLUDING: ADVERTISING \/ retargeting]]<\/li><\/ul><p class=\"p2\"><b>THIRD PARTY COOKIES<\/b><\/p><ul class=\"ul1\"><li class=\"li1\">Cookies de terceros:\u00a0\u00a0Son las generadas por servicios o proveedores externos como Google Analytics, Facebook, Twitter, etc. Compartimos su informaci\u00f3n personal con terceros para ayudar a usar su informaci\u00f3n personal, como se describe anteriormente. Tambi\u00e9n utilizamos Google Analytics para ayudarnos a comprender c\u00f3mo nuestros clientes usan el Sitio. Puede leer m\u00e1s sobre c\u00f3mo Google usa su Informaci\u00f3n personal aqu\u00ed: https:\/\/www.google.com\/intl\/en\/policies\/privacy\/. Tambi\u00e9n puede optar por no participar en Google Analytics aqu\u00ed: https:\/\/tools.google.com\/dlpage\/gaoptout. Finalmente, tambi\u00e9n podemos compartir su informaci\u00f3n personal para cumplir con las leyes y regulaciones aplicables, para responder a una citaci\u00f3n, orden de allanamiento u otra solicitud legal de informaci\u00f3n que recibimos, o para proteger nuestros derechos.\u00a0<\/li><\/ul><p class=\"p2\"><b>IMPORTANT WARNING ABOUT THE USE OF COOKIES<\/b><\/p><p class=\"p1\">Taking into account the form in which they operate Internet and web sites, it is not always possible to have information on the cookies placed by third parties through the web. This applies especially to cases in which our website contains what are called integrated elements: texts, documents, images or short films that are stored at another party, but are shown on this website. In addition to derivatives of add-ins analysis that uses www.centrohispanouk.org<\/p><p class=\"p2\"><b>HOW TO MANAGE, DISABLE AND DELETE COOKIES<\/b><\/p><p class=\"p1\">If you do not want a website or a blog to store cookies on your computer, you can adjust the settings of your browser to notify you each time a cookie request to download or to install or to reject all cookies, or includes the third-party. In addition, you can delete any cookies that are already found on your computer.<\/p><p class=\"p1\">Most browsers allow the management of cookies in 3 different ways:<\/p><ul class=\"ul1\"><li class=\"li1\">Cookies are always rejected.<\/li><li class=\"li1\">The browser asks if the user wants to install each cookie.<\/li><li class=\"li1\">Cookies are always accepted.<\/li><\/ul><p class=\"p1\">The browser can also include the ability to specify which cookies should be accepted and not.<\/p><p class=\"p1\">Normally you have these options:<\/p><ul class=\"ul1\"><li class=\"li1\">Reject the cookies from specified domains.<\/li><li class=\"li1\">Reject the cookies of third parties.<\/li><li class=\"li1\">Accept cookies as non-persistent (deleted when the browser is closed).<\/li><li class=\"li1\">Allow the server to create cookies for a different domain.<\/li><\/ul><p class=\"p1\">You&#039;ll have to adapt the separate configuration of each browser and equipment you use. Here we provide some guides for you to know how to configure the installation of cookies in the most popular browsers:<\/p><ul class=\"ul1\"><li class=\"li3\"><span class=\"s3\"><span class=\"s4\">Google Chrome<\/span><\/span><\/li><li class=\"li3\"><span class=\"s3\"><span class=\"s4\">internet browser<\/span><\/span><\/li><li class=\"li3\"><span class=\"s3\"><span class=\"s4\">Mozilla Firefox<\/span><\/span><\/li><li class=\"li3\"><span class=\"s3\"><span class=\"s4\">Safari<\/span><\/span><\/li><\/ul><p class=\"p1\">If you wish, you can disable the Google Analytics tracking using\u00a0\u00a0<span class=\"s1\">this add-on for the browser<\/span>\u00a0\u00a0offered by Google.<\/p><p class=\"p1\">Web browsers are the tools in charge of storing the cookies and from this place you have to control your right to removal or disabling them. We can not identify the correction or correct the cookies by these.<\/p><p class=\"p1\">In some cases it is necessary to install cookies so that the browser does not forget your decision not to accept the same.<\/p><p class=\"p2\"><b>BEHAVIORAL ADVERTISING<\/b><\/p><p class=\"p1\">As described above, we use your personal information to provide you with targeted advertisements or marketing communications we believe may be of interest to you.<\/p><p class=\"p1\">You may choose not to receive targeted advertising by using the links below:\u00a0<br \/>\u2013 Facebook: https:\/\/www.facebook.com\/settings\/?tab=ads\u00a0<br \/>\u2013 Google: https:\/\/www.google.com\/settings\/ads\/anonymous\u00a0<\/p><p class=\"p1\">Adem\u00e1s, puede optar por salir de algunos de estos servicios visitando el portal de exclusi\u00f3n de Digital Advertising Alliance en: http:\/\/optout.aboutads.info\/.<\/p><p class=\"p1\">Note that you cannot modify the practices of data collection and use for our site when you see a signal do Not track from your browser.\u00a0<\/p><p class=\"p2\"><b>YOUR RIGHTS<\/b><\/p><p class=\"p1\">If it is a european resident, you have the right to access the personal information we hold about you and to ask that your personal information be corrected, updated, or deleted. If you wish to exercise this right, please contact us through the contact information below.\u00a0<\/p><p class=\"p1\">In addition, if you are a european resident, we note that we are processing your information in order to fulfill contracts we might have with you (for example, if you place an order through the Site), or otherwise to pursue our legitimate business interests directly .In addition, please note that your information will be transferred outside of Europe, including to Canada and the united States.\u00a0<\/p><p class=\"p2\"><b>RETENTION OF DATA<\/b><\/p><p class=\"p1\">When you place an order through the site, we maintain your order information for our records unless and until you ask us to delete this information.\u00a0<\/p><p class=\"p2\"><b>CHANGES<\/b><\/p><p class=\"p1\">We may update this policy from time to time to modify, for example, changes to our practices or for other new grounds operational, legal or regulatory.\u00a0\u00a0<\/p><p class=\"p2\"><b>CONTACT US<\/b><\/p><p class=\"p1\">For more information on our policies, if you have any questions or if you wish to file a complaint, please contact us by e-mail <b>admin@centrohispanouk.org<\/b><\/p>\t\t\t\t\t\t<\/div>\n\t\t\t\t<\/div>\n\t\t\t\t\t<\/div>\n\t\t<\/div>\n\t\t\t\t\t<\/div>\n\t\t<\/section>\n\t\t\t\t<\/div>","protected":false},"excerpt":{"rendered":"<p>Pol\u00edticas de Cookies Si tienes alguna duda, consulta o sugerencia, no dudes en contactarnos, en nuestros diferentes canales de comunicaci\u00f3n. Solicitar cita Pol\u00edticas de Cookies Si tienes alguna duda, consulta o sugerencia, no dudes en contactarnos, en nuestros diferentes canales de comunicaci\u00f3n. Solicitar cita Nuestras Pol\u00edticas de Cookies En cumplimiento con lo establecido con la [&hellip;]<\/p>","protected":false},"author":1,"featured_media":0,"parent":0,"menu_order":0,"comment_status":"closed","ping_status":"closed","template":"elementor_canvas","meta":{"_joinchat":[],"footnotes":""},"class_list":["post-2063","page","type-page","status-publish","hentry"],"_links":{"self":[{"href":"https:\/\/services.centrohispanouk.org\/en\/wp-json\/wp\/v2\/pages\/2063","targetHints":{"allow":["GET"]}}],"collection":[{"href":"https:\/\/services.centrohispanouk.org\/en\/wp-json\/wp\/v2\/pages"}],"about":[{"href":"https:\/\/services.centrohispanouk.org\/en\/wp-json\/wp\/v2\/types\/page"}],"author":[{"embeddable":true,"href":"https:\/\/services.centrohispanouk.org\/en\/wp-json\/wp\/v2\/users\/1"}],"replies":[{"embeddable":true,"href":"https:\/\/services.centrohispanouk.org\/en\/wp-json\/wp\/v2\/comments?post=2063"}],"version-history":[{"count":4,"href":"https:\/\/services.centrohispanouk.org\/en\/wp-json\/wp\/v2\/pages\/2063\/revisions"}],"predecessor-version":[{"id":2067,"href":"https:\/\/services.centrohispanouk.org\/en\/wp-json\/wp\/v2\/pages\/2063\/revisions\/2067"}],"wp:attachment":[{"href":"https:\/\/services.centrohispanouk.org\/en\/wp-json\/wp\/v2\/media?parent=2063"}],"curies":[{"name":"wp","href":"https:\/\/api.w.org\/{rel}","templated":true}]}}